{"id":820,"date":"2021-09-04T10:17:21","date_gmt":"2021-09-04T08:17:21","guid":{"rendered":"https:\/\/wiki-atsrl.local\/?page_id=820"},"modified":"2023-01-01T19:21:39","modified_gmt":"2023-01-01T18:21:39","slug":"archiviazione-delle-informazioni-2","status":"publish","type":"page","link":"https:\/\/wiki.atsrl.net\/?page_id=820","title":{"rendered":"Archiviazione delle informazioni"},"content":{"rendered":"\n<p>I dati in ingresso qualsiasi sia la loro natura, vengono catalogati, gestiti e documentati attraverso il <a href=\"https:\/\/wiki-atsrl.local\/?p=823\" data-type=\"post\" data-id=\"823\">Registro delle informazioni<\/a>. <\/p>\n\n\n\n<figure class=\"wp-block-gallery has-nested-images columns-default is-cropped wp-block-gallery-2 is-layout-flex wp-block-gallery-is-layout-flex\">\n<figure class=\"wp-block-image size-large is-style-default\"><img decoding=\"async\" src=\"https:\/\/wiki.atsrl.net\/wp-content\/uploads\/2021\/09\/img14.png\" alt=\"\"\/><figcaption class=\"wp-element-caption\"><strong><em>Schermata tipo del Registro<\/em><\/strong><\/figcaption><\/figure>\n<\/figure>\n\n\n\n<p>Utilizzando questa applicazione possono essere memorizzate e gestite gran parte delle informazioni in ingresso ed in uscita dalla AT.<\/p>\n\n\n\n<p>Tutte le informazioni devono essere catalogate ed appartengono ad una data categoria. Vedere per l&#8217;illustrazione del concetto di categoria e tipologia la sezione <a href=\"https:\/\/wiki-atsrl.local\/?p=828\" data-type=\"post\" data-id=\"828\">categoria, tipologia e stato<\/a>.<\/p>\n\n\n\n<p>Attualmente sono gestite le seguenti informazioni:<\/p>\n\n\n\n<ul class=\"wp-block-list\">\n<li><a href=\"https:\/\/wiki-atsrl.local\/?p=833\" data-type=\"post\" data-id=\"833\">L\u2019archiviazione email in ingresso\/uscita<\/a>;<\/li>\n\n\n\n<li><a href=\"https:\/\/wiki-atsrl.local\/?p=856\" data-type=\"post\" data-id=\"856\">La registrazione delle attivit\u00e0 di da svolgere (ToDo)<\/a>. N.B. Il riferimento \u00e8 alle attivit\u00e0 da svolgere immediatamente che non hanno necessit\u00e0 di programmazione. La programmazione a lungo termine delle commesse viene effettuata con Wekan;<\/li>\n\n\n\n<li>L\u2019archiviazione delle <a href=\"https:\/\/wiki-atsrl.local\/?p=893\" data-type=\"post\" data-id=\"893\">chiamate telefoniche<\/a> fatte, da fare o ricevute;<\/li>\n\n\n\n<li><a href=\"https:\/\/wiki-atsrl.local\/?p=911\" data-type=\"post\" data-id=\"911\">Note <\/a>eventuali relative alla commessa;<\/li>\n\n\n\n<li><a href=\"https:\/\/wiki-atsrl.local\/?p=914\" data-type=\"post\" data-id=\"914\">Offerte<\/a> da fare, fatte accettate o rifiutate;<\/li>\n\n\n\n<li><a href=\"https:\/\/wiki-atsrl.local\/?p=927\" data-type=\"post\" data-id=\"927\">Dati in generale <\/a> Dati di carattere generale quali elaborati grafici, relazioni ecc. Questa tipologia di dati <strong>deve essere salvata sul NAS<\/strong>. Il salvataggio, catalogazione e collegamento delle informazioni archiviate sul NAS \u00e8 attualmente \u00e8 in corso di perfezionamento. <strong><em>N.B. Attualmente il salvataggio nel NAS deve essere fatto accedendo direttamente al NAS<\/em>;<\/strong><\/li>\n\n\n\n<li><a href=\"https:\/\/wiki-atsrl.local\/?p=930\" data-type=\"post\" data-id=\"930\">Esito gara pubblica<\/a> alla quali la AT ha partecipato;<\/li>\n\n\n\n<li><a href=\"https:\/\/wiki-atsrl.local\/?p=947\" data-type=\"post\" data-id=\"947\">Consegne<\/a> effettuate o da effettuare;<\/li>\n\n\n\n<li><a href=\"https:\/\/wiki-atsrl.local\/?p=954\" data-type=\"post\" data-id=\"954\">Verbali ISO 9001<\/a>;<\/li>\n\n\n\n<li>Attivit\u00e0 di <a href=\"https:\/\/wiki-atsrl.local\/?p=954\" data-type=\"post\" data-id=\"954\">Formazione<\/a> ricevute ed impartite<\/li>\n<\/ul>\n\n\n\n<p>Per ciascuna tipologia di dato sono previsti gli stati che queste possono avere e che devono essere memorizzati. Risulta infatti fondamentale registrare i dati parallelamente alla loro gestione in quanto, in tal modo, tutte le modifiche vengono riportate nello <a href=\"https:\/\/wiki-atsrl.local\/?p=959\" data-type=\"post\" data-id=\"959\">Storico (History logging)<\/a><\/p>\n\n\n\n<p>Le informazioni possono essere gi\u00e0 presenti, a vario titolo, in EGW all\u2019atto dell\u2019inserimento nel registro delle informazioni e devono essere semplicemente collegate al registro in quanto il sistema \u00e8 in grado di rintracciarle ed utilizzarle. Appartengono a questa categoria le email, gli appuntamenti in agenda ecc. ecc.<\/p>\n\n\n\n<p>Le informazioni possono non essere presenti nel sistema e debbono essere introdotte attraverso l\u2019applicazione registro o la scheda collegamenti che \u00e8 presente in molte applicazioni.<\/p>\n\n\n\n<p>Questa operazione pu\u00f2 essere effettuata in tutte le finestre di dialogo nelle quali compare l\u2019icona Registro o tramite l\u2019applicazione Registro con le quali \u00e8 possibile creare collegamenti con le informazioni di qualsiasi tipo (gi\u00e0 presenti in EGW o esterne).<\/p>\n\n\n\n<p>Tramite la <a href=\"https:\/\/wiki-atsrl.local\/?p=863\" data-type=\"post\" data-id=\"863\">Scheda collegamenti<\/a> presente in molte finestre di EGW o laddove compare l\u2019icona dell\u2019applicazione Registro, possono essere inserite nel sistema tutte le informazioni che sono gi\u00e0 presenti in EGW ovvero esterne. Un esempio di informazione esterna al sistema che deve essere registrata \u00e8 rappresentata da un file o una serie di file forniti con una chiavetta o scansionati.<\/p>\n","protected":false},"excerpt":{"rendered":"<p>I dati in ingresso qualsiasi sia la loro natura, vengono catalogati, gestiti e documentati attraverso il Registro delle informazioni. Utilizzando questa applicazione possono essere memorizzate e gestite gran parte delle informazioni in ingresso ed in uscita dalla AT. Tutte le informazioni devono essere catalogate ed appartengono ad una data categoria. Vedere per l&#8217;illustrazione del concetto [&hellip;]<\/p>\n","protected":false},"author":1,"featured_media":0,"parent":0,"menu_order":0,"comment_status":"closed","ping_status":"closed","template":"","meta":{"_acf_changed":false,"footnotes":""},"class_list":["post-820","page","type-page","status-publish","hentry"],"acf":[],"_links":{"self":[{"href":"https:\/\/wiki.atsrl.net\/index.php?rest_route=\/wp\/v2\/pages\/820","targetHints":{"allow":["GET"]}}],"collection":[{"href":"https:\/\/wiki.atsrl.net\/index.php?rest_route=\/wp\/v2\/pages"}],"about":[{"href":"https:\/\/wiki.atsrl.net\/index.php?rest_route=\/wp\/v2\/types\/page"}],"author":[{"embeddable":true,"href":"https:\/\/wiki.atsrl.net\/index.php?rest_route=\/wp\/v2\/users\/1"}],"replies":[{"embeddable":true,"href":"https:\/\/wiki.atsrl.net\/index.php?rest_route=%2Fwp%2Fv2%2Fcomments&post=820"}],"version-history":[{"count":16,"href":"https:\/\/wiki.atsrl.net\/index.php?rest_route=\/wp\/v2\/pages\/820\/revisions"}],"predecessor-version":[{"id":1538,"href":"https:\/\/wiki.atsrl.net\/index.php?rest_route=\/wp\/v2\/pages\/820\/revisions\/1538"}],"wp:attachment":[{"href":"https:\/\/wiki.atsrl.net\/index.php?rest_route=%2Fwp%2Fv2%2Fmedia&parent=820"}],"curies":[{"name":"wp","href":"https:\/\/api.w.org\/{rel}","templated":true}]}}