{"id":65,"date":"2021-04-25T12:08:04","date_gmt":"2021-04-25T10:08:04","guid":{"rendered":"http:\/\/10.0.0.15\/?p=65"},"modified":"2023-03-22T08:42:56","modified_gmt":"2023-03-22T07:42:56","slug":"progettazione-impianti-meccanici","status":"publish","type":"page","link":"https:\/\/wiki.atsrl.net\/?page_id=65","title":{"rendered":"Progettazione impianti meccanici"},"content":{"rendered":"\n<p><span style=\"color: #000000;\">Per sviluppare la progettazione impiantistica si rende necessario in prima istanza provvedere al reperimento della <a href=\"https:\/\/wiki.atsrl.net\/?p=112\" data-type=\"URL\" data-id=\"https:\/\/wiki.atsrl.net\/?p=112\">documentazione necessaria <\/a>a sviluppare il progetto. Bisogna accertare che il progetto architettonico deve garantire la disponibilit\u00e0 dei locali necessari ad ospitare gli apparati relativi all&#8217;impianto.<\/span><\/p>\n\n\n\n<p><strong>Il progetto delle strutture murarie e degli infissi \u00e8 competenza degli progettisti architettonici e non degli impiantist<\/strong>i per cui, effettuate le verifiche energetiche, occorre immediatamente concordare le necessarie modifiche. Assicurarsi che non si apportino modifiche ai disegni ricevuti che possano inficiare i calcoli termotecnici.<\/p>\n\n\n\n<p>Le nuove UNI TS 11300\/1 e \/2 cambiano le procedure di calcolo e verifica energetica degli edifici e prevedono che l\u2019edificio possa essere suddiviso in pi\u00f9 zone termiche e per ciascuna zona si pu\u00f2 avere una centrale termica che pu\u00f2 fornire <a href=\"https:\/\/wiki.atsrl.net\/?p=148\">diversi servizi<\/a>.<\/p>\n\n\n\n<p>Occorre applicare le norme dei Decreti Attuativi DM 26\/06\/2015 della L. 90\/2013 e predisporre l\u2019Attestato di Prestazione Energetica (APE) ed Applicare le norme <a href=\"https:\/\/wiki.atsrl.net\/wp-content\/uploads\/2021\/04\/Uni-Ts-11300-1-2008.pdf\">Uni Ts 11300-1 2008<\/a>&nbsp; Parte 1\u00b0, 2\u00b0, 3\u00b0 e 4\u00b0.<\/p>\n\n\n\n<p>Per l\u2019applicazione del D.Lgs 28\/11 occorre prevedere l\u2019uso di fonti rinnovabili in modo da soddisfare le percentuali di utilizzo indicate dal decreto. In sintesi occorre effettuare le seguenti verifiche:<\/p>\n\n\n\n<ul class=\"wp-block-list\">\n<li><a href=\"https:\/\/wiki.atsrl.net\/?p=159\">Verifiche ai sensi dei decreti attuativi della L.90\/13;<\/a><\/li>\n\n\n\n<li><a href=\"https:\/\/wiki.atsrl.net\/?p=159\">Verifiche ai sensi del D.LGS. 28\/2011<\/a>;<\/li>\n<\/ul>\n\n\n\n<p>La tipologia di impianto deve tenere conto del numero di <a href=\"https:\/\/wiki.atsrl.net\/?p=165\">ricambi d\u2019aria necessari in funzione della destinazione d&#8217;uso<\/a>.<\/p>\n","protected":false},"excerpt":{"rendered":"<p>Per sviluppare la progettazione impiantistica si rende necessario in prima istanza provvedere al reperimento della documentazione necessaria a sviluppare il progetto. Bisogna accertare che il progetto architettonico deve garantire la disponibilit\u00e0 dei locali necessari ad ospitare gli apparati relativi all&#8217;impianto. Il progetto delle strutture murarie e degli infissi \u00e8 competenza degli progettisti architettonici e non [&hellip;]<\/p>\n","protected":false},"author":1,"featured_media":0,"parent":0,"menu_order":0,"comment_status":"open","ping_status":"open","template":"","meta":{"_acf_changed":false,"footnotes":""},"class_list":["post-65","page","type-page","status-publish","hentry"],"acf":[],"_links":{"self":[{"href":"https:\/\/wiki.atsrl.net\/index.php?rest_route=\/wp\/v2\/pages\/65","targetHints":{"allow":["GET"]}}],"collection":[{"href":"https:\/\/wiki.atsrl.net\/index.php?rest_route=\/wp\/v2\/pages"}],"about":[{"href":"https:\/\/wiki.atsrl.net\/index.php?rest_route=\/wp\/v2\/types\/page"}],"author":[{"embeddable":true,"href":"https:\/\/wiki.atsrl.net\/index.php?rest_route=\/wp\/v2\/users\/1"}],"replies":[{"embeddable":true,"href":"https:\/\/wiki.atsrl.net\/index.php?rest_route=%2Fwp%2Fv2%2Fcomments&post=65"}],"version-history":[{"count":31,"href":"https:\/\/wiki.atsrl.net\/index.php?rest_route=\/wp\/v2\/pages\/65\/revisions"}],"predecessor-version":[{"id":1576,"href":"https:\/\/wiki.atsrl.net\/index.php?rest_route=\/wp\/v2\/pages\/65\/revisions\/1576"}],"wp:attachment":[{"href":"https:\/\/wiki.atsrl.net\/index.php?rest_route=%2Fwp%2Fv2%2Fmedia&parent=65"}],"curies":[{"name":"wp","href":"https:\/\/api.w.org\/{rel}","templated":true}]}}