{"id":389,"date":"2021-06-14T08:27:24","date_gmt":"2021-06-14T06:27:24","guid":{"rendered":"http:\/\/10.0.0.28\/?p=389"},"modified":"2022-05-08T19:17:20","modified_gmt":"2022-05-08T17:17:20","slug":"iso-9001","status":"publish","type":"page","link":"https:\/\/wiki.atsrl.net\/?page_id=389","title":{"rendered":"ISO 9001"},"content":{"rendered":"\n<p><\/p>\n\n\n\n<p>Nei paragrafi di questa sezione viene illustrato il sistema di gestione per la qualit\u00e0 previsto dalla norma UNI EN ISO 9001:2008 nella revisione 2015<\/p>\n\n\n\n<ul class=\"wp-block-list\" style=\"font-style:normal;font-weight:400\"><li><kbd><a href=\"https:\/\/wiki.atsrl.net\/?p=455\">Presentazione dell'Azienda<\/a><\/kbd><\/li><li><kbd><a href=\"https:\/\/wiki.atsrl.net\/?p=448\" data-type=\"post\" data-id=\"448\">Profilo Aziendale<\/a><\/kbd><\/li><li><kbd><a href=\"https:\/\/wiki.atsrl.net\/?page_id=422\" data-type=\"page\" data-id=\"422\">Politica della qualit\u00e0<\/a><\/kbd><\/li><li><kbd><a href=\"https:\/\/wiki.atsrl.net\/?p=445\" data-type=\"post\" data-id=\"445\">Manuale della qualit\u00e0 della AT<\/a><\/kbd><\/li><li><kbd><a href=\"https:\/\/wiki.atsrl.net\/?p=428\" data-type=\"post\" data-id=\"428\">Mansionario Organigramma<\/a><\/kbd><\/li><li><kbd><a href=\"https:\/\/wiki.atsrl.net\/?p=414\" data-type=\"post\" data-id=\"414\">Processi<\/a><\/kbd><\/li><li><kbd><a href=\"https:\/\/wiki.atsrl.net\/?p=638\" data-type=\"post\" data-id=\"638\">Attivit\u00e0<\/a><\/kbd><\/li><\/ul>\n\n\n\n<p><\/p>\n","protected":false},"excerpt":{"rendered":"<p>Nei paragrafi di questa sezione viene illustrato il sistema di gestione per la qualit\u00e0 previsto dalla norma UNI EN ISO 9001:2008 nella revisione 2015 Presentazione dell&#8217;Azienda Profilo Aziendale Politica della qualit\u00e0 Manuale della qualit\u00e0 della AT Mansionario Organigramma Processi Attivit\u00e0<\/p>\n","protected":false},"author":1,"featured_media":0,"parent":0,"menu_order":0,"comment_status":"open","ping_status":"open","template":"","meta":{"_acf_changed":false,"footnotes":""},"class_list":["post-389","page","type-page","status-publish","hentry"],"acf":[],"_links":{"self":[{"href":"https:\/\/wiki.atsrl.net\/index.php?rest_route=\/wp\/v2\/pages\/389","targetHints":{"allow":["GET"]}}],"collection":[{"href":"https:\/\/wiki.atsrl.net\/index.php?rest_route=\/wp\/v2\/pages"}],"about":[{"href":"https:\/\/wiki.atsrl.net\/index.php?rest_route=\/wp\/v2\/types\/page"}],"author":[{"embeddable":true,"href":"https:\/\/wiki.atsrl.net\/index.php?rest_route=\/wp\/v2\/users\/1"}],"replies":[{"embeddable":true,"href":"https:\/\/wiki.atsrl.net\/index.php?rest_route=%2Fwp%2Fv2%2Fcomments&post=389"}],"version-history":[{"count":21,"href":"https:\/\/wiki.atsrl.net\/index.php?rest_route=\/wp\/v2\/pages\/389\/revisions"}],"predecessor-version":[{"id":1352,"href":"https:\/\/wiki.atsrl.net\/index.php?rest_route=\/wp\/v2\/pages\/389\/revisions\/1352"}],"wp:attachment":[{"href":"https:\/\/wiki.atsrl.net\/index.php?rest_route=%2Fwp%2Fv2%2Fmedia&parent=389"}],"curies":[{"name":"wp","href":"https:\/\/api.w.org\/{rel}","templated":true}]}}